{"id":2,"date":"2024-10-14T13:27:41","date_gmt":"2024-10-14T13:27:41","guid":{"rendered":"http:\/\/tbit.com.pl\/?page_id=2"},"modified":"2024-10-23T17:09:32","modified_gmt":"2024-10-23T17:09:32","slug":"sample-page","status":"publish","type":"page","link":"https:\/\/tbit.com.pl\/","title":{"rendered":"O nas"},"content":{"rendered":"\n<p>Witamy na stronie firmy TBIT!<\/p>\n\n\n\n<p><br>Specjalizujemy si\u0119 w dostarczaniu kompleksowych rozwi\u0105za\u0144 IT dla firm i klient\u00f3w indywidualnych.<br>Oferujemy projektowanie i wdra\u017canie oprogramowania, zarz\u0105dzanie infrastruktur\u0105 IT oraz doradztwo technologiczne. <br>Celem jest dostarczanie us\u0142ug na najwy\u017cszym poziomie, kt\u00f3re usprawni\u0105 funkcjonowanie ka\u017cdego biznesu.<\/p>\n\n\n\n<p><br>Specjalizujemy si\u0119 w:<br> <img loading=\"lazy\" decoding=\"async\" width=\"20\" height=\"18\" class=\"wp-image-9\" style=\"width: 20px;\" src=\"http:\/\/tbit.com.pl\/wp-content\/uploads\/2024\/10\/Bez-nazwy.png\" alt=\"\"> Wdra\u017caniu i wsparciem rozwi\u0105za\u0144 IT<br> <img loading=\"lazy\" decoding=\"async\" width=\"20\" height=\"18\" class=\"wp-image-9\" style=\"width: 20px;\" src=\"http:\/\/tbit.com.pl\/wp-content\/uploads\/2024\/10\/Bez-nazwy.png\" alt=\"\"> Tworzeniu oprogramowania dostosowanego do indywidualnych potrzeb<br> <img loading=\"lazy\" decoding=\"async\" width=\"20\" height=\"18\" class=\"wp-image-9\" style=\"width: 20px;\" src=\"http:\/\/tbit.com.pl\/wp-content\/uploads\/2024\/10\/Bez-nazwy.png\" alt=\"\"> Zarz\u0105dzaniu i optymalizacji sieci komputerowych<br> <img loading=\"lazy\" decoding=\"async\" width=\"20\" height=\"18\" class=\"wp-image-9\" style=\"width: 20px;\" src=\"http:\/\/tbit.com.pl\/wp-content\/uploads\/2024\/10\/Bez-nazwy.png\" alt=\"\"> Zabezpieczaniu danych i system\u00f3w<\/p>\n\n\n\n<p><br>Dzi\u0119ki naszemu do\u015bwiadczeniu i wiedzy technologicznej, jeste\u015bmy gotowi sprosta\u0107 ka\u017cdemu wyzwaniu IT.<br>Je\u015bli potrzebujesz wsparcia w zakresie nowych technologii, skontaktuj si\u0119 z nami \u2013 ch\u0119tnie pomo\u017cemy!<\/p>\n","protected":false},"excerpt":{"rendered":"<p>Witamy na stronie firmy TBIT! Specjalizujemy si\u0119 w dostarczaniu kompleksowych rozwi\u0105za\u0144 IT dla firm i klient\u00f3w indywidualnych.Oferujemy projektowanie i wdra\u017canie oprogramowania, zarz\u0105dzanie infrastruktur\u0105 IT oraz doradztwo technologiczne. Celem jest dostarczanie us\u0142ug na najwy\u017cszym poziomie, kt\u00f3re usprawni\u0105 funkcjonowanie ka\u017cdego biznesu. Specjalizujemy si\u0119 w: Wdra\u017caniu i wsparciem rozwi\u0105za\u0144 IT Tworzeniu oprogramowania dostosowanego do indywidualnych potrzeb Zarz\u0105dzaniu i [&hellip;]<\/p>\n","protected":false},"author":1,"featured_media":0,"parent":0,"menu_order":0,"comment_status":"closed","ping_status":"open","template":"","meta":{"footnotes":""},"class_list":["post-2","page","type-page","status-publish","hentry"],"_links":{"self":[{"href":"https:\/\/tbit.com.pl\/index.php\/wp-json\/wp\/v2\/pages\/2","targetHints":{"allow":["GET"]}}],"collection":[{"href":"https:\/\/tbit.com.pl\/index.php\/wp-json\/wp\/v2\/pages"}],"about":[{"href":"https:\/\/tbit.com.pl\/index.php\/wp-json\/wp\/v2\/types\/page"}],"author":[{"embeddable":true,"href":"https:\/\/tbit.com.pl\/index.php\/wp-json\/wp\/v2\/users\/1"}],"replies":[{"embeddable":true,"href":"https:\/\/tbit.com.pl\/index.php\/wp-json\/wp\/v2\/comments?post=2"}],"version-history":[{"count":15,"href":"https:\/\/tbit.com.pl\/index.php\/wp-json\/wp\/v2\/pages\/2\/revisions"}],"predecessor-version":[{"id":42,"href":"https:\/\/tbit.com.pl\/index.php\/wp-json\/wp\/v2\/pages\/2\/revisions\/42"}],"wp:attachment":[{"href":"https:\/\/tbit.com.pl\/index.php\/wp-json\/wp\/v2\/media?parent=2"}],"curies":[{"name":"wp","href":"https:\/\/api.w.org\/{rel}","templated":true}]}}